{"id":626,"date":"2024-02-23T15:59:30","date_gmt":"2024-02-23T18:59:30","guid":{"rendered":"https:\/\/institutocircolar.org.br\/fr\/?page_id=626"},"modified":"2025-05-12T16:07:42","modified_gmt":"2025-05-12T19:07:42","slug":"pra-que-ser-reto","status":"publish","type":"page","link":"https:\/\/institutocircolar.org.br\/fr\/pra-que-ser-reto\/","title":{"rendered":"Pra Qu\u00ea Ser Reto?"},"content":{"rendered":"\n<p><strong>Pourquoi remettre \u00e0 demain la f\u00eate, la c\u00e9l\u00e9bration? Les rencontres sont puissantes et les c\u00e9l\u00e9brer \u00e0 tout moment, c&#8217;est valoriser chaque minute de la vie <\/strong><\/p>\n\n\n\n<p>Le bloc <strong>&#8220;PraQueSerReto&#8221;<\/strong> (Pourquoi \u00eatre droit) est n\u00e9 en 2018 \u00e0 Contagem et a fait sa premi\u00e8re apparition au carnaval de la ville en mai 2024.<\/p>\n\n\n\n<p>Avec l&#8217;id\u00e9e de m\u00ealer la magie du cirque \u00e0 la joie sans fin du carnaval, le bloc soul\u00e8ve des questions essentielles telles que: &#8220;Qu&#8217;est-ce qui est le plus important? Suivre des plans rigides, se fixer sur des mod\u00e8les anciens ou profiter du meilleur de chaque moment et de tout ce que le nouveau peut apporter? <strong>Pourquoi aller tout droit?<\/strong>&#8220;<\/p>\n\n\n\n<p>Ainsi, nous avons partag\u00e9 notre \u00e9nergie partout o\u00f9 nous sommes all\u00e9s, offrant de la place \u00e0 ceux qui veulent rejoindre et faire partie de ce mouvement!<\/p>\n\n\n\n<p>\u3164<\/p>\n\n\n\n<figure class=\"wp-block-image size-full\"><img decoding=\"async\" src=\"https:\/\/institutocircolar.org.br\/wp-content\/uploads\/2024\/06\/Fotos-Lais-Rodrigues-Madhu-258.jpg\" alt=\"\" class=\"wp-image-800\"\/><\/figure>\n\n\n\n<p>\u3164<\/p>\n\n\n\n<p>Restez connect\u00e9 sur notre <a href=\"https:\/\/www.instagram.com\/praqueserreto\/\" target=\"_blank\" rel=\"noreferrer noopener\">Instagram<\/a> pour ne rien manquer de la programmation!<\/p>\n\n\n\n<p><\/p>\n","protected":false},"excerpt":{"rendered":"<p>Pourquoi remettre \u00e0 demain la f\u00eate, la c\u00e9l\u00e9bration? Les rencontres sont puissantes et les c\u00e9l\u00e9brer \u00e0 tout moment, c&#8217;est valoriser chaque minute de la vie [&hellip;]<\/p>\n","protected":false},"author":3,"featured_media":0,"parent":0,"menu_order":0,"comment_status":"closed","ping_status":"closed","template":"","meta":{"footnotes":""},"class_list":["post-626","page","type-page","status-publish","hentry"],"acf":[],"_links":{"self":[{"href":"https:\/\/institutocircolar.org.br\/fr\/wp-json\/wp\/v2\/pages\/626"}],"collection":[{"href":"https:\/\/institutocircolar.org.br\/fr\/wp-json\/wp\/v2\/pages"}],"about":[{"href":"https:\/\/institutocircolar.org.br\/fr\/wp-json\/wp\/v2\/types\/page"}],"author":[{"embeddable":true,"href":"https:\/\/institutocircolar.org.br\/fr\/wp-json\/wp\/v2\/users\/3"}],"replies":[{"embeddable":true,"href":"https:\/\/institutocircolar.org.br\/fr\/wp-json\/wp\/v2\/comments?post=626"}],"version-history":[{"count":43,"href":"https:\/\/institutocircolar.org.br\/fr\/wp-json\/wp\/v2\/pages\/626\/revisions"}],"predecessor-version":[{"id":1055,"href":"https:\/\/institutocircolar.org.br\/fr\/wp-json\/wp\/v2\/pages\/626\/revisions\/1055"}],"wp:attachment":[{"href":"https:\/\/institutocircolar.org.br\/fr\/wp-json\/wp\/v2\/media?parent=626"}],"curies":[{"name":"wp","href":"https:\/\/api.w.org\/{rel}","templated":true}]}}