{"id":309,"date":"2023-11-17T13:26:58","date_gmt":"2023-11-17T16:26:58","guid":{"rendered":"https:\/\/circolar.com.br\/?page_id=309"},"modified":"2025-03-25T12:44:09","modified_gmt":"2025-03-25T15:44:09","slug":"cours-recreatifs","status":"publish","type":"page","link":"https:\/\/institutocircolar.org.br\/fr\/cours-recreatifs\/","title":{"rendered":"Cours R\u00e9cr\u00e9atifs"},"content":{"rendered":"\n<p><strong>Le cours r\u00e9cr\u00e9atif de l&#8217;\u00c9cole s&#8217;adresse aux personnes \u00e0 partir de 3 ans, qui souhaitent mettre leur corps en mouvement de mani\u00e8re ludique et agr\u00e9able!<\/strong><\/p>\n\n\n\n<p>\u2800<\/p>\n\n\n\n<p>Les cours sont divis\u00e9s par groupes de disciplines, et dans chacune d&#8217;elles, les bienfaits pour le corps et l&#8217;esprit sont incontestables ! Avec les cours r\u00e9cr\u00e9atifs, vous pouvez apprendre de nouvelles choses, d\u00e9velopper vos comp\u00e9tences motrices, am\u00e9liorer votre condition physique et b\u00e9n\u00e9ficier de nombreux autres avantages pour votre sant\u00e9 en g\u00e9n\u00e9ral.<\/p>\n\n\n\n<p>Les disciplines propos\u00e9es dans nos cours r\u00e9cr\u00e9atifs sont:<\/p>\n\n\n\n<p>\u2800<\/p>\n\n\n\n<p><strong>Cours d&#8217;Acrobaties A\u00e9riennes<\/strong><\/p>\n\n\n\n<p>Avec notre cours d&#8217;acrobaties a\u00e9riennes, les \u00e9tudiants apprennent des techniques acrobatiques sur le cerceau, le tissu et le trap\u00e8ze.<\/p>\n\n\n\n<p>Les entra\u00eenements favorisent le renforcement du corps, tout en ayant une m\u00e9thodologie qui accueille des personnes de tous niveaux techniques, permettant un maximum de b\u00e9n\u00e9fices pour tous les corps et \u00e2ges.<\/p>\n\n\n\n<p>\u2800<\/p>\n\n\n\n<p><strong>Cours d&#8217;Acrobaties au Sol<\/strong><\/p>\n\n\n\n<p>Dans notre cours d&#8217;acrobaties au sol, les \u00e9l\u00e8ves re\u00e7oivent un entra\u00eenement qui travaille les pirouettes, l&#8217;\u00e9quilibre, la flexibilit\u00e9 et bien plus encore, ainsi qu&#8217;une pr\u00e9paration physique qui am\u00e9liore la conscience corporelle et la disposition \u00e0 d&#8217;autres exercices.<\/p>\n\n\n\n<p>Nos instructeurs sont pr\u00eats \u00e0 vous guider \u00e0 chaque \u00e9tape, que vous commenciez de z\u00e9ro ou que vous ayez d\u00e9j\u00e0 de l&#8217;exp\u00e9rience.<\/p>\n\n\n\n<p>\u2800<\/p>\n\n\n\n<p><strong>Atelier de Cirque<\/strong><\/p>\n\n\n\n<p>Dans les cours de cirque, vous trouverez du plaisir, de l&#8217;apprentissage et de la cr\u00e9ativit\u00e9, le tout dans un m\u00eame package.<\/p>\n\n\n\n<p>Nous avons des groupes pour tous les \u00e2ges \u00e0 partir de 3 ans, dans lesquels nous offrons un parcours circassien avec des apprentissages en jonglerie, \u00e9quilibre, acrobaties et bien plus, favorisant le d\u00e9veloppement physique, \u00e9motionnel et social.<\/p>\n\n\n\n<p>\u2800<\/p>\n\n\n\n<p>Vous pouvez r\u00e9server votre premier cours d&#8217;essai gratuitement pour n&#8217;importe quelle discipline via notre WhatsApp: <strong>+55 31 97188-4703<\/strong>.<\/p>\n\n\n\n<p>Notre espace se trouve \u00e0 l&#8217;adresse: Tv. C-5, 521, Eldorado, Contagem &#8211; MG.<\/p>\n\n\n\n<p>Venez vivre le cirque avec nous!<\/p>\n","protected":false},"excerpt":{"rendered":"<p>Le cours r\u00e9cr\u00e9atif de l&#8217;\u00c9cole s&#8217;adresse aux personnes \u00e0 partir de 3 ans, qui souhaitent mettre leur corps en mouvement de mani\u00e8re ludique et agr\u00e9able! [&hellip;]<\/p>\n","protected":false},"author":3,"featured_media":0,"parent":0,"menu_order":0,"comment_status":"closed","ping_status":"closed","template":"","meta":{"footnotes":""},"class_list":["post-309","page","type-page","status-publish","hentry"],"acf":[],"_links":{"self":[{"href":"https:\/\/institutocircolar.org.br\/fr\/wp-json\/wp\/v2\/pages\/309"}],"collection":[{"href":"https:\/\/institutocircolar.org.br\/fr\/wp-json\/wp\/v2\/pages"}],"about":[{"href":"https:\/\/institutocircolar.org.br\/fr\/wp-json\/wp\/v2\/types\/page"}],"author":[{"embeddable":true,"href":"https:\/\/institutocircolar.org.br\/fr\/wp-json\/wp\/v2\/users\/3"}],"replies":[{"embeddable":true,"href":"https:\/\/institutocircolar.org.br\/fr\/wp-json\/wp\/v2\/comments?post=309"}],"version-history":[{"count":17,"href":"https:\/\/institutocircolar.org.br\/fr\/wp-json\/wp\/v2\/pages\/309\/revisions"}],"predecessor-version":[{"id":1038,"href":"https:\/\/institutocircolar.org.br\/fr\/wp-json\/wp\/v2\/pages\/309\/revisions\/1038"}],"wp:attachment":[{"href":"https:\/\/institutocircolar.org.br\/fr\/wp-json\/wp\/v2\/media?parent=309"}],"curies":[{"name":"wp","href":"https:\/\/api.w.org\/{rel}","templated":true}]}}