{"id":298,"date":"2023-11-17T13:12:14","date_gmt":"2023-11-17T16:12:14","guid":{"rendered":"https:\/\/circolar.com.br\/?page_id=298"},"modified":"2025-06-03T15:42:13","modified_gmt":"2025-06-03T18:42:13","slug":"formation-professionnelle","status":"publish","type":"page","link":"https:\/\/institutocircolar.org.br\/fr\/formation-professionnelle\/","title":{"rendered":"Formation Professionnelle"},"content":{"rendered":"\n<p>Le cours de <strong>Formation Professionnelle en arts circassiens<\/strong> de l&#8217;Institut Culturel CircoLar est une proposition ind\u00e9pendante qui vise \u00e0 offrir une formation professionnelle de qualit\u00e9 \u00e0 ceux qui travaillent ou souhaitent entrer sur le march\u00e9 du travail des arts \u00e0 travers la pratique du cirque.<\/p>\n\n\n\n<p>Le cours a une dur\u00e9e de 2 ans (1000 heures), r\u00e9parties en 4 modules. Chaque module dure six mois (250 heures) de formation artistique, et \u00e0 la fin de chaque module, les \u00e9tudiants r\u00e9alisent une pr\u00e9sentation. Les modules sont certifi\u00e9s pour les \u00e9tudiants qui les terminent avec succ\u00e8s (fr\u00e9quentation minimale de 75% dans chaque mati\u00e8re et retour positif de tous les enseignants).<\/p>\n\n\n\n<p>L&#8217;ICC propose des bourses de r\u00e9duction allant jusqu&#8217;\u00e0 50% et d&#8217;autres moyens de rendre la formation accessible.<\/p>\n\n\n\n<p>\u2800<\/p>\n\n\n\n<p>Les inscriptions sont ouvertes deux fois par an, au d\u00e9but de l&#8217;ann\u00e9e, entre janvier et f\u00e9vrier, et au milieu de l&#8217;ann\u00e9e, entre juin et juillet, et sont publi\u00e9es sur notre<strong> <a href=\"https:\/\/www.instagram.com\/institutoculturalcircolar\/\" target=\"_blank\" rel=\"noreferrer noopener\">Instagram<\/a>.<\/strong><\/p>\n\n\n\n<p>\u2800<\/p>\n\n\n\n<h2 class=\"wp-block-heading\">Galerie de spectacles<\/h2>\n\n\n\n<p>\u2800<\/p>\n\n\n\n<figure class=\"wp-block-embed aligncenter is-type-video is-provider-youtube wp-block-embed-youtube wp-embed-aspect-16-9 wp-has-aspect-ratio\"><div class=\"wp-block-embed__wrapper\">\n<iframe loading=\"lazy\" title=\"A Ma\u0301quina do Mundo - Espet\u00e1culo da turma de forma\u00e7\u00e3o profissional do Instituto Circolar\" width=\"500\" height=\"281\" src=\"https:\/\/www.youtube.com\/embed\/9m4fok74kQE?feature=oembed\" frameborder=\"0\" allow=\"accelerometer; autoplay; clipboard-write; encrypted-media; gyroscope; picture-in-picture; web-share\" referrerpolicy=\"strict-origin-when-cross-origin\" allowfullscreen><\/iframe>\n<\/div><figcaption class=\"wp-element-caption\">&#8220;<strong>A M\u00e1quina do Mundo&#8221;<\/strong>, la pr\u00e9sentation de fin de semestre de notre promotion de formation en 2023.<\/figcaption><\/figure>\n\n\n\n<figure class=\"wp-block-embed is-type-video is-provider-youtube wp-block-embed-youtube wp-embed-aspect-16-9 wp-has-aspect-ratio\"><div class=\"wp-block-embed__wrapper\">\n<iframe loading=\"lazy\" title=\"SIM! Se Puede\" width=\"500\" height=\"281\" src=\"https:\/\/www.youtube.com\/embed\/Qs6kmo-wq8U?feature=oembed\" frameborder=\"0\" allow=\"accelerometer; autoplay; clipboard-write; encrypted-media; gyroscope; picture-in-picture; web-share\" referrerpolicy=\"strict-origin-when-cross-origin\" allowfullscreen><\/iframe>\n<\/div><figcaption class=\"wp-element-caption\">&#8220;<strong>SIM! Se Puede<\/strong>&#8220;, la pr\u00e9sentation de fin de semestre de notre promotion de formation en 2024.<\/figcaption><\/figure>\n\n\n\n<p><\/p>\n","protected":false},"excerpt":{"rendered":"<p>Le cours de Formation Professionnelle en arts circassiens de l&#8217;Institut Culturel CircoLar est une proposition ind\u00e9pendante qui vise \u00e0 offrir une formation professionnelle de qualit\u00e9 [&hellip;]<\/p>\n","protected":false},"author":3,"featured_media":52,"parent":0,"menu_order":0,"comment_status":"closed","ping_status":"closed","template":"","meta":{"footnotes":""},"class_list":["post-298","page","type-page","status-publish","has-post-thumbnail","hentry"],"acf":[],"_links":{"self":[{"href":"https:\/\/institutocircolar.org.br\/fr\/wp-json\/wp\/v2\/pages\/298"}],"collection":[{"href":"https:\/\/institutocircolar.org.br\/fr\/wp-json\/wp\/v2\/pages"}],"about":[{"href":"https:\/\/institutocircolar.org.br\/fr\/wp-json\/wp\/v2\/types\/page"}],"author":[{"embeddable":true,"href":"https:\/\/institutocircolar.org.br\/fr\/wp-json\/wp\/v2\/users\/3"}],"replies":[{"embeddable":true,"href":"https:\/\/institutocircolar.org.br\/fr\/wp-json\/wp\/v2\/comments?post=298"}],"version-history":[{"count":35,"href":"https:\/\/institutocircolar.org.br\/fr\/wp-json\/wp\/v2\/pages\/298\/revisions"}],"predecessor-version":[{"id":1057,"href":"https:\/\/institutocircolar.org.br\/fr\/wp-json\/wp\/v2\/pages\/298\/revisions\/1057"}],"wp:featuredmedia":[{"embeddable":true,"href":"https:\/\/institutocircolar.org.br\/fr\/wp-json\/wp\/v2\/media\/52"}],"wp:attachment":[{"href":"https:\/\/institutocircolar.org.br\/fr\/wp-json\/wp\/v2\/media?parent=298"}],"curies":[{"name":"wp","href":"https:\/\/api.w.org\/{rel}","templated":true}]}}