{"id":124,"date":"2023-11-13T19:59:18","date_gmt":"2023-11-13T22:59:18","guid":{"rendered":"http:\/\/circolar.panda\/?page_id=124"},"modified":"2025-04-17T16:30:02","modified_gmt":"2025-04-17T19:30:02","slug":"institutionnel","status":"publish","type":"page","link":"https:\/\/institutocircolar.org.br\/fr\/institutionnel\/","title":{"rendered":"Institutionnel"},"content":{"rendered":"\n<p><strong>L&#8217;Instituto Cultural CircoLar<\/strong> est une organisation \u00e0 but non lucratif qui, depuis 2018, abrite la pratique du cirque de mani\u00e8re sp\u00e9ciale, \u00e9largissant l&#8217;acc\u00e8s \u00e0 la culture et favorisant le bien-\u00eatre et la qualit\u00e9 de vie des personnes. Valoriser les espaces publics et pr\u00e9server la culture circassienne \u00e0 travers le projet Espa\u00e7o CircoLar, une \u00e9cole de cirque qui est une r\u00e9f\u00e9rence dans la pratique de cette activit\u00e9.<span id=\"docs-internal-guid-89411204-7fff-6bbe-8ebe-e003b45b8a0c\"><\/span><\/p>\n\n\n\n<p><\/p>\n\n\n\n<p>L&#8217;ICC favorise \u00e9galement les opportunit\u00e9s d&#8217;emploi et de revenus dans notre r\u00e9gion et facilite la r\u00e9alisation de projets socioculturels.<\/p>\n\n\n\n<p><br>Cette initiative a un impact positif sur la vie des gens. Les projets mis en place sont align\u00e9s avec nos trois piliers d&#8217;action:<\/p>\n\n\n\n<p><br><strong>Culture, Connaissance et Convivialit\u00e9.<\/strong><\/p>\n\n\n\n<p>\u2800<strong><span id=\"docs-internal-guid-236531e4-7fff-c4da-d777-955c4dffe7ad\" style=\"font-weight:normal;\"><\/span><\/strong><\/p>\n\n\n\n<p><strong>Notre mission:<\/strong><br>\u00catre un lieu de rencontre, une source d\u2019apprentissage et un carrefour des diff\u00e9rentes formes d\u2019art, en mettant l\u2019accent sur les arts du cirque.<\/p>\n\n\n\n<p>\u2800<br><strong>Notre vision:<\/strong><br>Devenir une r\u00e9f\u00e9rence en enseignement des arts du cirque dans la province et rejoindre toujours plus d\u2019enfants, de jeunes et d\u2019adultes, en utilisant le cirque comme outil de rassemblement, de bien-\u00eatre et d\u2019expression artistique.<br>\u2800<\/p>\n\n\n\n<p><strong>Nos valeurs:<\/strong><br>Rendre les choses possibles;<br>Valoriser la diversit\u00e9;<br>Cr\u00e9er, croire et faire confiance;<br>Apprendre et encourager l\u2019apprentissage;<br>Veiller \u00e0 la s\u00e9curit\u00e9;<br>Travailler en \u00e9quipe.<\/p>\n","protected":false},"excerpt":{"rendered":"<p>L&#8217;Instituto Cultural CircoLar est une organisation \u00e0 but non lucratif qui, depuis 2018, abrite la pratique du cirque de mani\u00e8re sp\u00e9ciale, \u00e9largissant l&#8217;acc\u00e8s \u00e0 la [&hellip;]<\/p>\n","protected":false},"author":1,"featured_media":0,"parent":0,"menu_order":0,"comment_status":"closed","ping_status":"closed","template":"","meta":{"footnotes":""},"class_list":["post-124","page","type-page","status-publish","hentry"],"acf":[],"_links":{"self":[{"href":"https:\/\/institutocircolar.org.br\/fr\/wp-json\/wp\/v2\/pages\/124"}],"collection":[{"href":"https:\/\/institutocircolar.org.br\/fr\/wp-json\/wp\/v2\/pages"}],"about":[{"href":"https:\/\/institutocircolar.org.br\/fr\/wp-json\/wp\/v2\/types\/page"}],"author":[{"embeddable":true,"href":"https:\/\/institutocircolar.org.br\/fr\/wp-json\/wp\/v2\/users\/1"}],"replies":[{"embeddable":true,"href":"https:\/\/institutocircolar.org.br\/fr\/wp-json\/wp\/v2\/comments?post=124"}],"version-history":[{"count":10,"href":"https:\/\/institutocircolar.org.br\/fr\/wp-json\/wp\/v2\/pages\/124\/revisions"}],"predecessor-version":[{"id":1054,"href":"https:\/\/institutocircolar.org.br\/fr\/wp-json\/wp\/v2\/pages\/124\/revisions\/1054"}],"wp:attachment":[{"href":"https:\/\/institutocircolar.org.br\/fr\/wp-json\/wp\/v2\/media?parent=124"}],"curies":[{"name":"wp","href":"https:\/\/api.w.org\/{rel}","templated":true}]}}