{"id":626,"date":"2024-02-23T15:59:30","date_gmt":"2024-02-23T18:59:30","guid":{"rendered":"https:\/\/institutocircolar.org.br\/es\/?page_id=626"},"modified":"2025-05-14T16:13:12","modified_gmt":"2025-05-14T19:13:12","slug":"pra-que-ser-reto","status":"publish","type":"page","link":"https:\/\/institutocircolar.org.br\/es\/pra-que-ser-reto\/","title":{"rendered":"Pra Qu\u00ea Ser Reto?"},"content":{"rendered":"\n<p>\u00bfPara qu\u00e9 dejar para despu\u00e9s la fiesta, la celebraci\u00f3n? \u00a1Los encuentros son poderosos y celebrarlos en cualquier momento es valorar cada minuto de vida!<\/p>\n\n\n\n<p>El bloque &#8220;Pra Qu\u00ea Ser Reto?&#8221; surgi\u00f3 como una exploraci\u00f3n en 2018, en Contagem, e hizo su debut en el carnaval de la ciudad en mayo de 2024. Mediante la propuesta de unir el encanto del circo, con la alegr\u00eda interminable del carnaval; el bloque guarda en su esencia algunos cuestionamientos como: \u201c\u00bfQu\u00e9 es m\u00e1s importante? \u00bfSeguir planes r\u00edgidos, quedarse en los patrones antiguos, o aprovechar lo mejor de cada momento y todo lo que lo nuevo puede traer?<\/p>\n\n\n\n<p>\u00a0<strong>\u00bfPara Qu\u00e9 Ser Recto?\u201d<\/strong><\/p>\n\n\n\n<p>As\u00ed, hemos llevado nuestra energ\u00eda por donde hemos pasado, con espacio para quien quiera llegar y ser parte de este movimiento.<\/p>\n\n\n\n<p>\u3164<\/p>\n\n\n\n<figure class=\"wp-block-image size-full\"><img decoding=\"async\" src=\"https:\/\/institutocircolar.org.br\/wp-content\/uploads\/2024\/06\/Fotos-Lais-Rodrigues-Madhu-258.jpg\" alt=\"\" class=\"wp-image-800\"\/><\/figure>\n\n\n\n<p>\u3164<\/p>\n\n\n\n<p>\u00a1Mantente al tanto en nuestro <a href=\"https:\/\/www.instagram.com\/praqueserreto\/\" target=\"_blank\" rel=\"noreferrer noopener\">Instagram<\/a> para no perderte ninguna programaci\u00f3n!<br><span id=\"docs-internal-guid-bdb64f96-7fff-f9ad-683c-aee3af1cdbd8\"><div><span style=\"font-size: 11pt; font-family: Arial, sans-serif; background-color: transparent; font-variant-numeric: normal; font-variant-east-asian: normal; font-variant-alternates: normal; font-variant-position: normal; font-variant-emoji: normal; vertical-align: baseline;\"><\/span><\/div><\/span><\/p>\n","protected":false},"excerpt":{"rendered":"<p>\u00bfPara qu\u00e9 dejar para despu\u00e9s la fiesta, la celebraci\u00f3n? \u00a1Los encuentros son poderosos y celebrarlos en cualquier momento es valorar cada minuto de vida! El [&hellip;]<\/p>\n","protected":false},"author":3,"featured_media":0,"parent":0,"menu_order":0,"comment_status":"closed","ping_status":"closed","template":"","meta":{"footnotes":""},"class_list":["post-626","page","type-page","status-publish","hentry"],"acf":[],"_links":{"self":[{"href":"https:\/\/institutocircolar.org.br\/es\/wp-json\/wp\/v2\/pages\/626"}],"collection":[{"href":"https:\/\/institutocircolar.org.br\/es\/wp-json\/wp\/v2\/pages"}],"about":[{"href":"https:\/\/institutocircolar.org.br\/es\/wp-json\/wp\/v2\/types\/page"}],"author":[{"embeddable":true,"href":"https:\/\/institutocircolar.org.br\/es\/wp-json\/wp\/v2\/users\/3"}],"replies":[{"embeddable":true,"href":"https:\/\/institutocircolar.org.br\/es\/wp-json\/wp\/v2\/comments?post=626"}],"version-history":[{"count":42,"href":"https:\/\/institutocircolar.org.br\/es\/wp-json\/wp\/v2\/pages\/626\/revisions"}],"predecessor-version":[{"id":1036,"href":"https:\/\/institutocircolar.org.br\/es\/wp-json\/wp\/v2\/pages\/626\/revisions\/1036"}],"wp:attachment":[{"href":"https:\/\/institutocircolar.org.br\/es\/wp-json\/wp\/v2\/media?parent=626"}],"curies":[{"name":"wp","href":"https:\/\/api.w.org\/{rel}","templated":true}]}}