{"id":309,"date":"2023-11-17T13:26:58","date_gmt":"2023-11-17T16:26:58","guid":{"rendered":"https:\/\/circolar.com.br\/?page_id=309"},"modified":"2025-05-14T14:53:03","modified_gmt":"2025-05-14T17:53:03","slug":"cursos-livres","status":"publish","type":"page","link":"https:\/\/institutocircolar.org.br\/es\/cursos-livres\/","title":{"rendered":"Cursos Libres"},"content":{"rendered":"\n<p><strong>El curso libre de la Escuela est\u00e1 dirigido a personas a partir de los 3 a\u00f1os, que buscan poner su cuerpo en movimiento de una forma l\u00fadica y placentera.<\/strong><\/p>\n\n\n\n<p>\u2800<\/p>\n\n\n\n<p>Las clases est\u00e1n divididas en grupos por modalidades y en todas ellas los beneficios para el cuerpo y la mente son indiscutibles. \u00a1Con los cursos libres puedes aprender cosas nuevas, desarrollar habilidades motoras, mejorar tu condici\u00f3n f\u00edsica y muchos otros beneficios para tu salud en general!<\/p>\n\n\n\n<p>Las modalidades ofrecidas en nuestros cursos libres son:<\/p>\n\n\n\n<p>\u2800<\/p>\n\n\n\n<p><strong>Curso de Acrobacias A\u00e9reas<\/strong><\/p>\n\n\n\n<p>Con nuestro curso de acrobacias a\u00e9reas, los alumnos aprenden t\u00e9cnicas acrob\u00e1ticas en el aro, la tela y el trapecio.<\/p>\n\n\n\n<p>Los entrenamientos promueven el fortalecimiento del cuerpo, adem\u00e1s de contar con una metodolog\u00eda que acoge a personas de todos los niveles t\u00e9cnicos, permitiendo un aprovechamiento m\u00e1ximo para todos los cuerpos y edades.<\/p>\n\n\n\n<p>\u2800<\/p>\n\n\n\n<p><strong>Curso de Acrobacias de Suelo<\/strong><\/p>\n\n\n\n<p>En nuestro curso de acrobacias de suelo, los alumnos reciben entrenamientos que trabajan gimnasia, equilibrios, flexibilidad y mucho m\u00e1s, adem\u00e1s de un acondicionamiento f\u00edsico que mejora su conciencia corporal y disposici\u00f3n para otros ejercicios.<\/p>\n\n\n\n<p>Nuestros instructores est\u00e1n listos para guiarte en cada paso, independientemente de si est\u00e1s comenzando desde cero o ya tienes alguna experiencia previa.<\/p>\n\n\n\n<p>\u2800<\/p>\n\n\n\n<p><strong>Taller de Circo<\/strong><\/p>\n\n\n\n<p>En las clases de circo, encontrar\u00e1s diversi\u00f3n, aprendizaje y creatividad, todo en un solo paquete.<\/p>\n\n\n\n<p>Tenemos grupos para todas las edades a partir de los 3 a\u00f1os, en los cuales ofrecemos una jornada circense con aprendizajes en malabares, equilibrismo, acrobacias y mucho m\u00e1s, promoviendo el desarrollo f\u00edsico, emocional y social.<\/p>\n\n\n\n<p>\u2800<\/p>\n\n\n\n<p>Puedes agendar tu primera clase experimental en cualquier modalidad de forma gratuita a trav\u00e9s de nuestro whatsapp: <strong>+55 31 97188-4703.<\/strong><\/p>\n\n\n\n<p>Nuestro espacio est\u00e1 ubicado en <strong>Tv. C-5, 521, Eldorado, Contagem &#8211; MG<\/strong><\/p>\n\n\n\n<p>\u00a1No esperes m\u00e1s, ven a vivir el circo con nosotros!<\/p>\n","protected":false},"excerpt":{"rendered":"<p>El curso libre de la Escuela est\u00e1 dirigido a personas a partir de los 3 a\u00f1os, que buscan poner su cuerpo en movimiento de una [&hellip;]<\/p>\n","protected":false},"author":3,"featured_media":0,"parent":0,"menu_order":0,"comment_status":"closed","ping_status":"closed","template":"","meta":{"footnotes":""},"class_list":["post-309","page","type-page","status-publish","hentry"],"acf":[],"_links":{"self":[{"href":"https:\/\/institutocircolar.org.br\/es\/wp-json\/wp\/v2\/pages\/309"}],"collection":[{"href":"https:\/\/institutocircolar.org.br\/es\/wp-json\/wp\/v2\/pages"}],"about":[{"href":"https:\/\/institutocircolar.org.br\/es\/wp-json\/wp\/v2\/types\/page"}],"author":[{"embeddable":true,"href":"https:\/\/institutocircolar.org.br\/es\/wp-json\/wp\/v2\/users\/3"}],"replies":[{"embeddable":true,"href":"https:\/\/institutocircolar.org.br\/es\/wp-json\/wp\/v2\/comments?post=309"}],"version-history":[{"count":17,"href":"https:\/\/institutocircolar.org.br\/es\/wp-json\/wp\/v2\/pages\/309\/revisions"}],"predecessor-version":[{"id":1033,"href":"https:\/\/institutocircolar.org.br\/es\/wp-json\/wp\/v2\/pages\/309\/revisions\/1033"}],"wp:attachment":[{"href":"https:\/\/institutocircolar.org.br\/es\/wp-json\/wp\/v2\/media?parent=309"}],"curies":[{"name":"wp","href":"https:\/\/api.w.org\/{rel}","templated":true}]}}