{"id":3,"date":"2023-10-18T03:30:29","date_gmt":"2023-10-18T06:30:29","guid":{"rendered":"http:\/\/circolar.panda\/?page_id=3"},"modified":"2025-05-13T12:05:23","modified_gmt":"2025-05-13T15:05:23","slug":"politica-de-privacidade","status":"publish","type":"page","link":"https:\/\/institutocircolar.org.br\/es\/politica-de-privacidade\/","title":{"rendered":"Pol\u00edtica de Privacidad"},"content":{"rendered":"\n<h2 class=\"wp-block-heading\"><\/h2>\n\n\n\n<p>El<strong> Instituto Cultural CircoLar<\/strong>, o ICC para los amigos, ofrece servicios de cursos libres, formaci\u00f3n profesional, talleres, conferencias, entrenamientos, n\u00fameros art\u00edsticos, espect\u00e1culos, ferias y festivales.\u00a0<\/p>\n\n\n\n<p>Utilizamos la tecnolog\u00eda para mejorar la calidad de nuestros eventos, la ense\u00f1anza y la eficiencia administrativa, en favor del desarrollo acad\u00e9mico, art\u00edstico y cultural.<\/p>\n\n\n\n<p>Estamos comprometidos con la transparencia, contigo y con el cuidado de tus datos, manteniendo nuestras directrices alineadas con la Ley General de Protecci\u00f3n de Datos Personales (LGPD) de Brasil.<\/p>\n\n\n\n<p><strong>Responsable del Tratamiento de los Datos<\/strong><\/p>\n\n\n\n<p>Si tienes alguna duda sobre c\u00f3mo protegemos tus datos o deseas ejercer tus derechos, \u00a1estaremos encantados de ayudarte!<br>No dudes en ponerte en contacto con nosotros por correo electr\u00f3nico: <strong>privacidade@institutocircolar.org.br<br><\/strong><\/p>\n\n\n\n<p>Tambi\u00e9n puedes comunicarte al tel\u00e9fono <strong>(+55) 31 99899-1445<\/strong> con <strong>Lourdes Castro<\/strong>.<\/p>\n\n\n\n<p><\/p>\n\n\n\n<p class=\"has-medium-font-size\"><strong>\u00bfA qui\u00e9n abarca esta Pol\u00edtica?<\/strong><\/p>\n\n\n\n<p>&#8211; Docentes y estudiantes;<\/p>\n\n\n\n<p>&#8211; Usuarios de nuestros servicios, plataformas e instalaciones;<\/p>\n\n\n\n<p>&#8211; Asociados;<\/p>\n\n\n\n<p>&#8211; Empleados;<\/p>\n\n\n\n<p>&#8211; Proveedores de servicios, tanto personas f\u00edsicas como jur\u00eddicas;<\/p>\n\n\n\n<p>&#8211; Participantes en actividades o eventos realizados por el ICC, incluso fuera de sus instalaciones.<\/p>\n\n\n\n<p><\/p>\n\n\n\n<p><strong>Descubre qu\u00e9 informaci\u00f3n utilizamos y con qu\u00e9 fines<\/strong><\/p>\n\n\n\n<p>Datos como nombre, correo electr\u00f3nico, tel\u00e9fono, CPF, RG, respuestas a formularios y cuestionarios de historial m\u00e9dico son recolectados por correo electr\u00f3nico y respuestas en plataformas de formularios utilizados para: <strong>Registros y contratos<\/strong>;\u00a0<\/p>\n\n\n\n<p>Datos sensibles como historial m\u00e9dico, certificados y recomendaciones m\u00e9dicas pueden ser solicitados para un mejor aprovechamiento de la actividad y mayor seguridad en la pr\u00e1ctica;\u00a0<\/p>\n\n\n\n<p>El ICC env\u00eda por <strong>Whatsapp<\/strong>: boletines, divulgaci\u00f3n de eventos e invitaciones.<\/p>\n\n\n\n<p>Al aceptar nuestra pol\u00edtica, autorizas al ICC a capturar im\u00e1genes de las actividades que realizas con nosotros, con el fin espec\u00edfico de publicarlas en redes sociales y canales del Instituto, sus socios, colaboradores, patrocinadores y\/o promotores \u2013 directos o indirectos \u2013 sin ning\u00fan costo para la instituci\u00f3n y de manera definitiva.<\/p>\n\n\n\n<p><\/p>\n\n\n\n<p class=\"has-medium-font-size\"><strong>Tienes los siguientes derechos garantizados:<\/strong><\/p>\n\n\n\n<p>&#8211; Acceso, rectificaci\u00f3n y eliminaci\u00f3n de datos;<\/p>\n\n\n\n<p>&#8211; Portabilidad de datos;<\/p>\n\n\n\n<p>&#8211; Anonimizaci\u00f3n, bloqueo o eliminaci\u00f3n de datos innecesarios o tratados en desacuerdo con la ley.<\/p>\n\n\n\n<p><\/p>\n\n\n\n<p class=\"has-medium-font-size\"><strong>Compartici\u00f3n de Datos:<\/strong><\/p>\n\n\n\n<p>De acuerdo con la LGPD, compartimos datos solo cuando es necesario para cumplir con obligaciones legales o contractuales, siempre garantizando la seguridad y privacidad de la informaci\u00f3n.<\/p>\n\n\n\n<p>El ICC puede colaborar con otras empresas asociadas para ofrecer recursos y aplicaciones que pueden ser utilizados en relaci\u00f3n con los servicios, lo que puede implicar el compartir datos personales. De esta manera, los datos personales recolectados pueden ser compartidos con empresas asociadas, procesadores de pagos, agentes de prevenci\u00f3n de fraudes, agencias de identificaci\u00f3n fiscal, plataformas de env\u00edo masivo de correos electr\u00f3nicos, proveedores de almacenamiento en la nube, y proveedores de aplicaciones, software y plataformas educativas. Sin embargo, el ICC solo comparte datos personales recolectados con empresas que garantizan el cumplimiento de los est\u00e1ndares m\u00ednimos de seguridad y la ley de protecci\u00f3n de datos personales.<\/p>\n\n\n\n<p>Los datos personales pueden ser compartidos con organismos estatales y agencias reguladoras para cumplir con obligaciones legales y regulatorias a las que el ICC est\u00e1 sujeto.<\/p>\n\n\n\n<p>Bajo ninguna circunstancia, el ICC licencia, vende o transfiere datos personales a terceros con fines de lucro o de manera contraria a esta pol\u00edtica.<\/p>\n\n\n\n<p><\/p>\n\n\n\n<p class=\"has-medium-font-size\"><strong>Almacenamiento y Seguridad:<\/strong><\/p>\n\n\n\n<p>El ICC adopta medidas de seguridad apropiadas para evitar que los datos personales se pierdan accidentalmente, se usen o accedan de manera no autorizada, se alteren o se divulguen.\u00a0<\/p>\n\n\n\n<p>Los datos se almacenan en sistemas inform\u00e1ticos, protegidos por contrase\u00f1as, por un per\u00edodo de <strong>10 a\u00f1os<\/strong> y bajo estrictas medidas de seguridad, que son procedimientos para proteger tus datos contra accesos no autorizados o uso indebido. Cualquier sospecha ser\u00e1 notificada al titular de los datos y a la autoridad reguladora competente.<\/p>\n\n\n\n<p>Los datos personales recolectados de los usuarios de los servicios ofrecidos por el ICC s\u00f3lo son accesibles para empleados, agentes, contratistas y otros terceros en el l\u00edmite necesario para ejecutar una actividad espec\u00edfica, de acuerdo con las instrucciones del ICC y bajo obligaci\u00f3n de confidencialidad.<br><br><strong>Incidentes de seguridad<\/strong> que involucren datos personales que puedan generar riesgos o da\u00f1os relevantes ser\u00e1n comunicados a la <strong>ANPD<\/strong> (Autoridad Nacional de Protecci\u00f3n de Datos) y al propio titular de los datos, con la siguiente informaci\u00f3n:\u00a0<\/p>\n\n\n\n<p>Los tipos de datos afectados;<\/p>\n\n\n\n<p>La informaci\u00f3n sobre los titulares involucrados;<\/p>\n\n\n\n<p>Las medidas t\u00e9cnicas y de seguridad utilizadas para proteger los datos;<\/p>\n\n\n\n<p>Los riesgos relacionados con el incidente;<\/p>\n\n\n\n<p>Las razones del retraso, en caso de que la comunicaci\u00f3n no sea inmediata;<\/p>\n\n\n\n<p>Las medidas que se han tomado o que se tomar\u00e1n para revertir o mitigar los efectos del da\u00f1o.\u00a0<\/p>\n\n\n\n<p><\/p>\n\n\n\n<p class=\"has-medium-font-size\"><strong>Cookies y tags:<\/strong><\/p>\n\n\n\n<p>Los <strong>&#8220;Cookies&#8221;<\/strong> y <strong>&#8220;Tags&#8221;<\/strong> son herramientas esenciales para mejorar la experiencia del usuario en nuestro sistema, permiti\u00e9ndonos entender c\u00f3mo se accede a las p\u00e1ginas y c\u00f3mo se utilizan los recursos. Los <strong>&#8220;Cookies&#8221;<\/strong> es un tema que s\u00f3lo aplica a quienes navegan por el sitio web del ICC. A continuaci\u00f3n, explicamos detalladamente qu\u00e9 son y c\u00f3mo se emplean.<\/p>\n\n\n\n<p><\/p>\n\n\n\n<p class=\"has-medium-font-size\"><strong>Cookies:<\/strong><\/p>\n\n\n\n<p>Los <strong>&#8220;Cookies&#8221;<\/strong> son peque\u00f1os identificadores transferidos al navegador o dispositivo del usuario. Estos informan al administrador del sistema sobre cu\u00e1ndo y c\u00f3mo se acceden las p\u00e1ginas y recursos. Estos datos incluyen informaci\u00f3n sobre el n\u00famero de visitantes, el origen del acceso y el tipo de dispositivo utilizado. Los cookies juegan un papel fundamental en la optimizaci\u00f3n del sistema y proporcionan una experiencia personalizada a los usuarios.<\/p>\n\n\n\n<p><\/p>\n\n\n\n<p class=\"has-medium-font-size\"><strong>Tags (Etiquetas):<\/strong><\/p>\n\n\n\n<p>El <strong>&#8220;Tag&#8221;<\/strong> es un t\u00e9rmino general para fragmentos de c\u00f3digo que permiten la recolecci\u00f3n de datos de los usuarios en nuestro sitio web. Adem\u00e1s, posibilitan la implementaci\u00f3n de funcionalidades como videos e im\u00e1genes. Es importante resaltar que el uso de tags tambi\u00e9n est\u00e1 relacionado con el uso de cookies para recolectar informaci\u00f3n espec\u00edfica sobre la interacci\u00f3n de los usuarios con el sitio web del ICC.<\/p>\n\n\n\n<p>Al navegar por el sistema, los cookies se insertan autom\u00e1ticamente en el navegador, desempe\u00f1ando funciones cruciales, tales como:<\/p>\n\n\n\n<p><strong>Operacionalizaci\u00f3n del Sistema (Cookies Estrictamente Necesarios):<\/strong><strong><br><\/strong>Garantizan el funcionamiento b\u00e1sico y la seguridad del sistema.<\/p>\n\n\n\n<p><strong>Cookies de Desempe\u00f1o y Funcionalidad:<\/strong><strong><br><\/strong>Mejoran el rendimiento y la experiencia del usuario al utilizar recursos espec\u00edficos.<\/p>\n\n\n\n<p><strong>Obtenci\u00f3n de Informaci\u00f3n Agregada:<\/strong><strong><br><\/strong>Recolectan datos agregados sobre los visitantes, proporcionando informaci\u00f3n valiosa para mejoras continuas.<\/p>\n\n\n\n<p><\/p>\n\n\n\n<p class=\"has-medium-font-size\"><strong>Opciones del Usuario:<\/strong><\/p>\n\n\n\n<p>El usuario del sistema tiene la opci\u00f3n de deshabilitar el uso de cookies a trav\u00e9s de la configuraci\u00f3n del navegador o instalando complementos dedicados. Sin embargo, es importante destacar que desactivar los cookies puede comprometer el funcionamiento adecuado de ciertas partes del sistema. Recomendamos considerar cuidadosamente esta elecci\u00f3n, teniendo en cuenta el equilibrio entre privacidad y funcionalidad.<\/p>\n\n\n\n<p><\/p>\n\n\n\n<p><strong>Transferencia de Datos Personales Nacional e Internacional:<\/strong><\/p>\n\n\n\n<p>El ICC comparte datos personales de manera directa con fines promocionales y tambi\u00e9n para habilitar funcionalidades, como por ejemplo pagos digitales, pero no realizamos intercambios directos de datos a otros pa\u00edses.<br>La sede del ICC est\u00e1 ubicada en Brasil, y los datos recolectados siguen las regulaciones establecidas por la legislaci\u00f3n brasile\u00f1a.<\/p>\n\n\n\n<p>.<\/p>\n\n\n\n<p><strong>Actualizaciones:<\/strong><\/p>\n\n\n\n<p>Con el objetivo de mejorar continuamente nuestros servicios, el ICC puede realizar actualizaciones a esta Pol\u00edtica de Privacidad, buscando proporcionar a los usuarios del sistema mayor seguridad, conveniencia y una mejor experiencia. Por lo tanto, recomendamos que los usuarios consulten esta pol\u00edtica regularmente para mantenerse informados sobre posibles modificaciones.<\/p>\n\n\n\n<p><\/p>\n\n\n\n<p class=\"has-medium-font-size\"><strong>\u00bfDudas?<\/strong><\/p>\n\n\n\n<p>Para aclaraciones adicionales sobre esta pol\u00edtica o el tratamiento de sus datos, comun\u00edquese con nosotros por correo electr\u00f3nico a: <a href=\"mailto:privacidade@institutocircolar.org.br\">privacidade@institutocircolar.org.br<\/a><\/p>\n\n\n\n<p><\/p>\n\n\n\n<p class=\"has-medium-font-size\"><strong>Vigencia\u00a0<\/strong><\/p>\n\n\n\n<p>Esta pol\u00edtica entr\u00f3 en vigor en enero de 2024.<\/p>\n","protected":false},"excerpt":{"rendered":"<p>El Instituto Cultural CircoLar, o ICC para los amigos, ofrece servicios de cursos libres, formaci\u00f3n profesional, talleres, conferencias, entrenamientos, n\u00fameros art\u00edsticos, espect\u00e1culos, ferias y festivales.\u00a0 [&hellip;]<\/p>\n","protected":false},"author":1,"featured_media":0,"parent":0,"menu_order":0,"comment_status":"closed","ping_status":"open","template":"","meta":{"footnotes":""},"class_list":["post-3","page","type-page","status-publish","hentry"],"acf":[],"_links":{"self":[{"href":"https:\/\/institutocircolar.org.br\/es\/wp-json\/wp\/v2\/pages\/3"}],"collection":[{"href":"https:\/\/institutocircolar.org.br\/es\/wp-json\/wp\/v2\/pages"}],"about":[{"href":"https:\/\/institutocircolar.org.br\/es\/wp-json\/wp\/v2\/types\/page"}],"author":[{"embeddable":true,"href":"https:\/\/institutocircolar.org.br\/es\/wp-json\/wp\/v2\/users\/1"}],"replies":[{"embeddable":true,"href":"https:\/\/institutocircolar.org.br\/es\/wp-json\/wp\/v2\/comments?post=3"}],"version-history":[{"count":8,"href":"https:\/\/institutocircolar.org.br\/es\/wp-json\/wp\/v2\/pages\/3\/revisions"}],"predecessor-version":[{"id":1020,"href":"https:\/\/institutocircolar.org.br\/es\/wp-json\/wp\/v2\/pages\/3\/revisions\/1020"}],"wp:attachment":[{"href":"https:\/\/institutocircolar.org.br\/es\/wp-json\/wp\/v2\/media?parent=3"}],"curies":[{"name":"wp","href":"https:\/\/api.w.org\/{rel}","templated":true}]}}