{"id":298,"date":"2023-11-17T13:12:14","date_gmt":"2023-11-17T16:12:14","guid":{"rendered":"https:\/\/circolar.com.br\/?page_id=298"},"modified":"2025-06-03T15:40:43","modified_gmt":"2025-06-03T18:40:43","slug":"formacao-profissional","status":"publish","type":"page","link":"https:\/\/institutocircolar.org.br\/es\/formacao-profissional\/","title":{"rendered":"Formaci\u00f3n profesional"},"content":{"rendered":"\n<p>El curso de <strong>Formaci\u00f3n Profesional en Artes Circenses<\/strong> del Instituto Cultural CircoLar es una propuesta independiente que tiene como objetivo ofrecer formaci\u00f3n profesional de calidad a aquellos que trabajan o desean ingresar al mercado laboral de las artes a trav\u00e9s de la disciplina circense.<span id=\"docs-internal-guid-0d9901d5-7fff-eaed-0c1e-b776e153799a\"><span style=\"font-size: 11pt; font-family: Arial, sans-serif; background-color: transparent; font-variant-numeric: normal; font-variant-east-asian: normal; font-variant-alternates: normal; font-variant-position: normal; font-variant-emoji: normal; vertical-align: baseline;\"><\/span><\/span><\/p>\n\n\n\n<p>El curso tiene una duraci\u00f3n de 2 a\u00f1os o 1000 h\/clase, dividido en 4 m\u00f3dulos: Cada m\u00f3dulo tiene una duraci\u00f3n de seis meses o 250 h\/clase de formaci\u00f3n art\u00edstica, y como parte del proceso formativo, los estudiantes realizan una presentaci\u00f3n art\u00edstica al final de cada m\u00f3dulo. Los m\u00f3dulos son certificados a aquellos estudiantes que los completen con \u00e9xito (frecuencia m\u00ednima del 75% en cada asignatura y retroalimentaci\u00f3n positiva de todos los profesores).<\/p>\n\n\n\n<p>El ICC ofrece becas de hasta el <strong>50% de descuento<\/strong> y otras formas de viabilizaci\u00f3n del curso.<\/p>\n\n\n\n<p>\u2800<\/p>\n\n\n\n<p><strong>Las inscripciones se abren dos veces al a\u00f1o, siendo al principio entre los meses de enero y febrero, y a mitad de a\u00f1o entre junio y julio, siendo divulgadas en nuestro <a href=\"https:\/\/www.instagram.com\/institutoculturalcircolar\/\">Instagram<\/a>.<\/strong><\/p>\n\n\n\n<p>\u2800<\/p>\n\n\n\n<h2 class=\"wp-block-heading\">Galer\u00eda de espect\u00e1culos<\/h2>\n\n\n\n<p>\u2800<\/p>\n\n\n\n<figure class=\"wp-block-embed aligncenter is-type-video is-provider-youtube wp-block-embed-youtube wp-embed-aspect-16-9 wp-has-aspect-ratio\"><div class=\"wp-block-embed__wrapper\">\n<iframe loading=\"lazy\" title=\"A Ma\u0301quina do Mundo - Espet\u00e1culo da turma de forma\u00e7\u00e3o profissional do Instituto Circolar\" width=\"500\" height=\"281\" src=\"https:\/\/www.youtube.com\/embed\/9m4fok74kQE?feature=oembed\" frameborder=\"0\" allow=\"accelerometer; autoplay; clipboard-write; encrypted-media; gyroscope; picture-in-picture; web-share\" referrerpolicy=\"strict-origin-when-cross-origin\" allowfullscreen><\/iframe>\n<\/div><figcaption class=\"wp-element-caption\">&#8220;<strong>A M\u00e1quina do Mundo<\/strong>&#8220;, la presentaci\u00f3n de conclusi\u00f3n de semestre de nuestra clase de formaci\u00f3n en el a\u00f1o 2023.<\/figcaption><\/figure>\n\n\n\n<figure class=\"wp-block-embed is-type-video is-provider-youtube wp-block-embed-youtube wp-embed-aspect-16-9 wp-has-aspect-ratio\"><div class=\"wp-block-embed__wrapper\">\n<iframe loading=\"lazy\" title=\"SIM! Se Puede\" width=\"500\" height=\"281\" src=\"https:\/\/www.youtube.com\/embed\/Qs6kmo-wq8U?feature=oembed\" frameborder=\"0\" allow=\"accelerometer; autoplay; clipboard-write; encrypted-media; gyroscope; picture-in-picture; web-share\" referrerpolicy=\"strict-origin-when-cross-origin\" allowfullscreen><\/iframe>\n<\/div><figcaption class=\"wp-element-caption\">&#8220;<strong>SIM! Se Puede<\/strong>&#8220;, la presentaci\u00f3n de conclusi\u00f3n de semestre de nuestra clase de formaci\u00f3n en el a\u00f1o 2024.<\/figcaption><\/figure>\n\n\n\n<p><\/p>\n","protected":false},"excerpt":{"rendered":"<p>El curso de Formaci\u00f3n Profesional en Artes Circenses del Instituto Cultural CircoLar es una propuesta independiente que tiene como objetivo ofrecer formaci\u00f3n profesional de calidad [&hellip;]<\/p>\n","protected":false},"author":3,"featured_media":52,"parent":0,"menu_order":0,"comment_status":"closed","ping_status":"closed","template":"","meta":{"footnotes":""},"class_list":["post-298","page","type-page","status-publish","has-post-thumbnail","hentry"],"acf":[],"_links":{"self":[{"href":"https:\/\/institutocircolar.org.br\/es\/wp-json\/wp\/v2\/pages\/298"}],"collection":[{"href":"https:\/\/institutocircolar.org.br\/es\/wp-json\/wp\/v2\/pages"}],"about":[{"href":"https:\/\/institutocircolar.org.br\/es\/wp-json\/wp\/v2\/types\/page"}],"author":[{"embeddable":true,"href":"https:\/\/institutocircolar.org.br\/es\/wp-json\/wp\/v2\/users\/3"}],"replies":[{"embeddable":true,"href":"https:\/\/institutocircolar.org.br\/es\/wp-json\/wp\/v2\/comments?post=298"}],"version-history":[{"count":38,"href":"https:\/\/institutocircolar.org.br\/es\/wp-json\/wp\/v2\/pages\/298\/revisions"}],"predecessor-version":[{"id":1062,"href":"https:\/\/institutocircolar.org.br\/es\/wp-json\/wp\/v2\/pages\/298\/revisions\/1062"}],"wp:featuredmedia":[{"embeddable":true,"href":"https:\/\/institutocircolar.org.br\/es\/wp-json\/wp\/v2\/media\/52"}],"wp:attachment":[{"href":"https:\/\/institutocircolar.org.br\/es\/wp-json\/wp\/v2\/media?parent=298"}],"curies":[{"name":"wp","href":"https:\/\/api.w.org\/{rel}","templated":true}]}}