{"id":124,"date":"2023-11-13T19:59:18","date_gmt":"2023-11-13T22:59:18","guid":{"rendered":"http:\/\/circolar.panda\/?page_id=124"},"modified":"2025-05-14T14:46:43","modified_gmt":"2025-05-14T17:46:43","slug":"institucional","status":"publish","type":"page","link":"https:\/\/institutocircolar.org.br\/es\/institucional\/","title":{"rendered":"Institucional"},"content":{"rendered":"\n<p>El <strong>Instituto Cultural Circolar <\/strong>es una entidad sin fines de lucro, que desde 2018 alberga la pr\u00e1ctica circense de una manera especial, expandiendo el acceso a la cultura y promoviendo el bienestar y la calidad de vida de las personas. Valorando los espacios p\u00fablicos y preservando la cultura circense a trav\u00e9s del proyecto Espacio Circolar, una escuela internacional de circo que es referencia en la pr\u00e1ctica de esta actividad.<\/p>\n\n\n\n<p><\/p>\n\n\n\n<p>El ICC tambi\u00e9n promueve oportunidades de empleo e ingresos en nuestra regi\u00f3n y viabiliza proyectos socioculturales.<\/p>\n\n\n\n<p><br>La iniciativa tiene un impacto positivo en la vida de las personas. Los proyectos implementados est\u00e1n alineados con nuestros tres pilares de actuaci\u00f3n<\/p>\n\n\n\n<p><br><strong>Cultura, Conocimiento y Convivencia.<\/strong><\/p>\n\n\n\n<p>\u2800<\/p>\n\n\n\n<p><strong>Nuestra misi\u00f3n:<\/strong><\/p>\n\n\n\n<p>Ser un espacio de sana convivencia, fuente de ense\u00f1anza y encuentro de las diversas artes, principalmente las artes circenses.<\/p>\n\n\n\n<p>\u2800<\/p>\n\n\n\n<p><strong>Nuestra visi\u00f3n:<\/strong><\/p>\n\n\n\n<p>Convertirnos en un referente de ense\u00f1anza de las artes circenses en nuestro estado y alcanzar cada vez a m\u00e1s, ni\u00f1os, j\u00f3venes y adultos usando el circo como herramienta para la promoci\u00f3n de la convivencia, la salud y el arte.<\/p>\n\n\n\n<p>\u2800<\/p>\n\n\n\n<p><strong>Valores:<\/strong><\/p>\n\n\n\n<p>Hacerlo realidad;<br>Ser diversos;<br>Crear, creer y confiar;<br>Aprender y promover el aprendizaje;<br>Velar por la seguridad y;<br>Trabajar en equipo.<\/p>\n","protected":false},"excerpt":{"rendered":"<p>El Instituto Cultural Circolar es una entidad sin fines de lucro, que desde 2018 alberga la pr\u00e1ctica circense de una manera especial, expandiendo el acceso [&hellip;]<\/p>\n","protected":false},"author":1,"featured_media":0,"parent":0,"menu_order":0,"comment_status":"closed","ping_status":"closed","template":"","meta":{"footnotes":""},"class_list":["post-124","page","type-page","status-publish","hentry"],"acf":[],"_links":{"self":[{"href":"https:\/\/institutocircolar.org.br\/es\/wp-json\/wp\/v2\/pages\/124"}],"collection":[{"href":"https:\/\/institutocircolar.org.br\/es\/wp-json\/wp\/v2\/pages"}],"about":[{"href":"https:\/\/institutocircolar.org.br\/es\/wp-json\/wp\/v2\/types\/page"}],"author":[{"embeddable":true,"href":"https:\/\/institutocircolar.org.br\/es\/wp-json\/wp\/v2\/users\/1"}],"replies":[{"embeddable":true,"href":"https:\/\/institutocircolar.org.br\/es\/wp-json\/wp\/v2\/comments?post=124"}],"version-history":[{"count":8,"href":"https:\/\/institutocircolar.org.br\/es\/wp-json\/wp\/v2\/pages\/124\/revisions"}],"predecessor-version":[{"id":1028,"href":"https:\/\/institutocircolar.org.br\/es\/wp-json\/wp\/v2\/pages\/124\/revisions\/1028"}],"wp:attachment":[{"href":"https:\/\/institutocircolar.org.br\/es\/wp-json\/wp\/v2\/media?parent=124"}],"curies":[{"name":"wp","href":"https:\/\/api.w.org\/{rel}","templated":true}]}}