{"id":298,"date":"2023-11-17T13:12:14","date_gmt":"2023-11-17T16:12:14","guid":{"rendered":"https:\/\/circolar.com.br\/?page_id=298"},"modified":"2025-06-03T15:37:42","modified_gmt":"2025-06-03T18:37:42","slug":"formacao-profissional","status":"publish","type":"page","link":"https:\/\/institutocircolar.org.br\/en\/formacao-profissional\/","title":{"rendered":"Professional Capacitation"},"content":{"rendered":"\n<p><strong>The Professional Capacitation Course in Circus Arts<\/strong> offered by the Institute is an independent initiative aimed at providing high-quality professional training to those already working or aspiring to enter the arts market through the lens of circus arts.<\/p>\n\n\n\n<p>The course spans 2 years or 1,000 hours of classes, divided into 4 modules. Each module lasts six months or 250 hours of artistic training, culminating in a performance by the students at the end of each module. Certificates are awarded to students who successfully complete a module (with a minimum attendance rate of 75% in each subject and positive feedback from all instructors).<\/p>\n\n\n\n<p>ICC offers scholarships of up to 50% discount and other means to make the course accessible.<\/p>\n\n\n\n<p>\u2800<\/p>\n\n\n\n<p><strong>Enrollment opens twice a year<\/strong>, typically at the beginning of the year, between January and February, and mid-year, between July and August, as <strong>announced on the Institute\u2019s <a href=\"https:\/\/www.instagram.com\/institutoculturalcircolar\/\" target=\"_blank\" rel=\"noreferrer noopener\">Instagram<\/a> account.<\/strong><\/p>\n\n\n\n<p>\u2800<\/p>\n\n\n\n<h2 class=\"wp-block-heading\">Gallery of spectacles<\/h2>\n\n\n\n<p>\u2800<\/p>\n\n\n\n<figure class=\"wp-block-embed aligncenter is-type-video is-provider-youtube wp-block-embed-youtube wp-embed-aspect-16-9 wp-has-aspect-ratio\"><div class=\"wp-block-embed__wrapper\">\n<iframe loading=\"lazy\" title=\"A Ma\u0301quina do Mundo - Espet\u00e1culo da turma de forma\u00e7\u00e3o profissional do Instituto Circolar\" width=\"500\" height=\"281\" src=\"https:\/\/www.youtube.com\/embed\/9m4fok74kQE?feature=oembed\" frameborder=\"0\" allow=\"accelerometer; autoplay; clipboard-write; encrypted-media; gyroscope; picture-in-picture; web-share\" referrerpolicy=\"strict-origin-when-cross-origin\" allowfullscreen><\/iframe>\n<\/div><figcaption class=\"wp-element-caption\">&#8220;<em><strong>The World Machine<\/strong>&#8220;<\/em>, the semester-end performance by our <strong>Professional Capacitation Course<\/strong> class of 2023.<\/figcaption><\/figure>\n\n\n\n<figure class=\"wp-block-embed is-type-video is-provider-youtube wp-block-embed-youtube wp-embed-aspect-16-9 wp-has-aspect-ratio\"><div class=\"wp-block-embed__wrapper\">\n<iframe loading=\"lazy\" title=\"SIM! Se Puede\" width=\"500\" height=\"281\" src=\"https:\/\/www.youtube.com\/embed\/Qs6kmo-wq8U?feature=oembed\" frameborder=\"0\" allow=\"accelerometer; autoplay; clipboard-write; encrypted-media; gyroscope; picture-in-picture; web-share\" referrerpolicy=\"strict-origin-when-cross-origin\" allowfullscreen><\/iframe>\n<\/div><\/figure>\n\n\n\n<p> &#8220;<strong>SIM! Se Puede<\/strong>&#8220;, the semester-end performance by our <strong>Professional Capacitation Course<\/strong> class of 2024.<\/p>\n","protected":false},"excerpt":{"rendered":"<p>The Professional Capacitation Course in Circus Arts offered by the Institute is an independent initiative aimed at providing high-quality professional training to those already working [&hellip;]<\/p>\n","protected":false},"author":3,"featured_media":52,"parent":0,"menu_order":0,"comment_status":"closed","ping_status":"closed","template":"","meta":{"footnotes":""},"class_list":["post-298","page","type-page","status-publish","has-post-thumbnail","hentry"],"acf":[],"_links":{"self":[{"href":"https:\/\/institutocircolar.org.br\/en\/wp-json\/wp\/v2\/pages\/298"}],"collection":[{"href":"https:\/\/institutocircolar.org.br\/en\/wp-json\/wp\/v2\/pages"}],"about":[{"href":"https:\/\/institutocircolar.org.br\/en\/wp-json\/wp\/v2\/types\/page"}],"author":[{"embeddable":true,"href":"https:\/\/institutocircolar.org.br\/en\/wp-json\/wp\/v2\/users\/3"}],"replies":[{"embeddable":true,"href":"https:\/\/institutocircolar.org.br\/en\/wp-json\/wp\/v2\/comments?post=298"}],"version-history":[{"count":38,"href":"https:\/\/institutocircolar.org.br\/en\/wp-json\/wp\/v2\/pages\/298\/revisions"}],"predecessor-version":[{"id":1070,"href":"https:\/\/institutocircolar.org.br\/en\/wp-json\/wp\/v2\/pages\/298\/revisions\/1070"}],"wp:featuredmedia":[{"embeddable":true,"href":"https:\/\/institutocircolar.org.br\/en\/wp-json\/wp\/v2\/media\/52"}],"wp:attachment":[{"href":"https:\/\/institutocircolar.org.br\/en\/wp-json\/wp\/v2\/media?parent=298"}],"curies":[{"name":"wp","href":"https:\/\/api.w.org\/{rel}","templated":true}]}}